{"id":158,"date":"2023-06-11T14:11:18","date_gmt":"2023-06-11T14:11:18","guid":{"rendered":"https:\/\/anserki.com\/?page_id=158"},"modified":"2023-06-20T09:36:46","modified_gmt":"2023-06-20T09:36:46","slug":"productos","status":"publish","type":"page","link":"https:\/\/anserki.com\/index.php\/productos\/","title":{"rendered":"PRODUCTOS"},"content":{"rendered":"<div id='av_section_1'  class='avia-section av-73ifa-420fde47e958b264142addc100ab1a0f main_color avia-section-default avia-no-border-styling  avia-builder-el-0  el_before_av_section  avia-builder-el-first  avia-bg-style-scroll container_wrap sidebar_right'  ><div class='container av-section-cont-open' ><main  role=\"main\" itemprop=\"mainContentOfPage\"  class='template-page content  av-content-small alpha units'><div class='post-entry post-entry-type-page post-entry-158'><div class='entry-content-wrapper clearfix'>\n<section  class='av_textblock_section av-lirnrbt8-e5b1a576249aed3a110a365cff056681 '   itemscope=\"itemscope\" itemtype=\"https:\/\/schema.org\/CreativeWork\" ><div class='avia_textblock'  itemprop=\"text\" ><h2><span style=\"color: #000000;\">BARRA DE REFUERZO HARDPLUS<\/span><\/h2>\n<\/div><\/section>\n\n<style type=\"text\/css\" data-created_by=\"avia_inline_auto\" id=\"style-css-av-liro6a4t-7a58d4061c87c73c3efec4beb729c020\">\n#top .hr.av-liro6a4t-7a58d4061c87c73c3efec4beb729c020{\nmargin-top:0px;\nmargin-bottom:10px;\n}\n.hr.av-liro6a4t-7a58d4061c87c73c3efec4beb729c020 .hr-inner{\nwidth:100%;\nborder-color:#000000;\n}\n<\/style>\n<div  class='hr av-liro6a4t-7a58d4061c87c73c3efec4beb729c020 hr-custom  avia-builder-el-2  el_after_av_textblock  el_before_av_one_third  hr-center hr-icon-no'><span class='hr-inner inner-border-av-border-thin'><span class=\"hr-inner-style\"><\/span><\/span><\/div>\n\n<style type=\"text\/css\" data-created_by=\"avia_inline_auto\" id=\"style-css-av-a7dfi-a82ca8c65d7c00fc4095fccba1d26976\">\n.flex_column.av-a7dfi-a82ca8c65d7c00fc4095fccba1d26976{\npadding:0 0 0 0;\n}\n<\/style>\n<div  class='flex_column av-a7dfi-a82ca8c65d7c00fc4095fccba1d26976 av_one_third  avia-builder-el-3  el_after_av_hr  el_before_av_two_third  first flex_column_div av-zero-column-padding  '     ><p><section  class='av_textblock_section av-lirnvdvt-0515b4aa45efeb5468ca6405114a2382 '   itemscope=\"itemscope\" itemtype=\"https:\/\/schema.org\/CreativeWork\" ><div class='avia_textblock'  itemprop=\"text\" ><p><span style=\"color: #000000;\">Las barras de refuerzo HARDplus\u00ae est\u00e1n compuestas de fibra de vidrio con pulverizaci\u00f3n de arena para una mejor sujeci\u00f3n en el hormig\u00f3n. Se utiliza para reforzar cimientos, suelos industriales, mamposter\u00eda, carreteras, etc.<\/span><\/p>\n<p><span style=\"color: #000000;\">Servimos materiales entre 4 y 16 <span class=\"s1\">mm de di\u00e1metro con longitudes de hasta 100 m de varilla. <\/span>En funci\u00f3n de cada uso, el GFRP suele ser entre 2 y 4 mm m\u00e1s fino que el acero para un rendimiento muy superior.<\/span><\/p>\n<\/div><\/section><br \/>\n\n<style type=\"text\/css\" data-created_by=\"avia_inline_auto\" id=\"style-css-av-lirmpvvu-6f927627cc1b7df81a35678dbc774c08\">\n.avia-image-container.av-lirmpvvu-6f927627cc1b7df81a35678dbc774c08 img.avia_image{\nbox-shadow:none;\n}\n.avia-image-container.av-lirmpvvu-6f927627cc1b7df81a35678dbc774c08 .av-image-caption-overlay-center{\ncolor:#ffffff;\n}\n<\/style>\n<div  class='avia-image-container av-lirmpvvu-6f927627cc1b7df81a35678dbc774c08 av-styling- avia_animated_image av-animated-when-visible-95 left-to-right avia-align-center  avia-builder-el-5  el_after_av_textblock  avia-builder-el-last '   itemprop=\"image\" itemscope=\"itemscope\" itemtype=\"https:\/\/schema.org\/ImageObject\" ><div class=\"avia-image-container-inner\"><div class=\"avia-image-overlay-wrap\"><img decoding=\"async\" fetchpriority=\"high\" class='wp-image-202 avia-img-lazy-loading-not-202 avia_image ' src=\"https:\/\/anserki.com\/wp-content\/uploads\/2023\/06\/armatura-hardplus-imperatyv72.jpg\" alt='' title='armatura-hardplus-imperatyv72'  height=\"362\" width=\"600\"  itemprop=\"thumbnailUrl\" srcset=\"https:\/\/anserki.com\/wp-content\/uploads\/2023\/06\/armatura-hardplus-imperatyv72.jpg 600w, https:\/\/anserki.com\/wp-content\/uploads\/2023\/06\/armatura-hardplus-imperatyv72-300x181.jpg 300w\" sizes=\"(max-width: 600px) 100vw, 600px\" \/><\/div><\/div><\/div><\/p><\/div>\n<style type=\"text\/css\" data-created_by=\"avia_inline_auto\" id=\"style-css-av-5if5o6-43da1e731a350f437f45a465135af182\">\n.flex_column.av-5if5o6-43da1e731a350f437f45a465135af182{\npadding:0 0 0 0;\n}\n<\/style>\n<div  class='flex_column av-5if5o6-43da1e731a350f437f45a465135af182 av_two_third  avia-builder-el-6  el_after_av_one_third  avia-builder-el-last  flex_column_div av-zero-column-padding  '     ><div class='avia-data-table-wrap av-5ba29q-7b0886265158cf3350a6e54e5beb2908 avia_responsive_table avia-table-1'><table  class='avia-table avia-data-table avia_pricing_minimal  avia-builder-el-7  avia-builder-el-no-sibling '  itemscope=\"itemscope\" itemtype=\"https:\/\/schema.org\/Table\" ><tbody><tr class='avia-heading-row'><th class='avia-desc-col'><\/th><th class=''>Acero<\/th><th class=''>GFRP<\/th><\/tr><tr class=''><th class='avia-desc-col'>Resistencia a la tracci\u00f3n<\/th><td class=''>390-490 MP\u0430<\/td><td class=''>800-1300 MP\u0430<br \/>\n<\/td><\/tr><tr class=''><th class='avia-desc-col'>Alargamiento<br \/>\n<\/th><td class=''>25 %<\/td><td class=''>2,2 %<\/td><\/tr><tr class=''><th class='avia-desc-col'>Elasticidad<br \/>\n<\/th><td class=''>210.000 MPa<\/td><td class=''>55.000 MPa<\/td><\/tr><tr class=''><th class='avia-desc-col'>Conductividad t\u00e9rmica<\/th><td class=''>46 W\/(m\u00b7K)<\/td><td class=''>0,35 W\/(m\u00b7K)<\/td><\/tr><tr class=''><th class='avia-desc-col'>Expansi\u00f3n lineal<\/th><td class=''>13-15 \u0430\u0445-5\/\u0421<\/td><td class=''>9-12 \u0430\u0445-5\/\u0421<\/td><\/tr><tr class=''><th class='avia-desc-col'>Densidad<\/th><td class=''>7850 kg\/m3<\/td><td class=''>1900 kg\/m3<\/td><\/tr><tr class=''><th class='avia-desc-col'>Propiedades diel\u00e9ctricas<\/th><td class=''>Alta conductividad <\/td><td class=''>No transmite electricidad<\/td><\/tr><tr class=''><th class='avia-desc-col'>Resistencia qu\u00edmica<\/th><td class=''>Corrosivo<\/td><td class=''>Inoxidable, resistente a los \u00e1cidos<\/td><\/tr><\/tbody><\/table><\/div><style type='text\/css'>.avia-table-1 td:nth-of-type(0):before { content: ''; } .avia-table-1 td:nth-of-type(1):before { content: 'Acero'; } .avia-table-1 td:nth-of-type(2):before { content: 'GFRP'; } <\/style><\/div>\n\n<\/div><\/div><\/main><!-- close content main element --><\/div><\/div><div id='av_section_2'  class='avia-section av-7cjyry-1add4e14b240ad7f07fa911058e2e7c5 main_color avia-section-default avia-no-border-styling  avia-builder-el-8  el_after_av_section  el_before_av_section  avia-bg-style-scroll container_wrap sidebar_right'  ><div class='container av-section-cont-open' ><div class='template-page content  av-content-small alpha units'><div class='post-entry post-entry-type-page post-entry-158'><div class='entry-content-wrapper clearfix'>\n<section  class='av_textblock_section av-75uaxi-b623f2d17d3e23c5ad01e1005bae3a59 '   itemscope=\"itemscope\" itemtype=\"https:\/\/schema.org\/CreativeWork\" ><div class='avia_textblock'  itemprop=\"text\" ><h2><span style=\"color: #000000;\">MALLA HARDMESH<\/span><\/h2>\n<\/div><\/section>\n\n<style type=\"text\/css\" data-created_by=\"avia_inline_auto\" id=\"style-css-av-70ijdq-86329afe8943f86e40ae2f4e22b1e4a0\">\n#top .hr.av-70ijdq-86329afe8943f86e40ae2f4e22b1e4a0{\nmargin-top:0px;\nmargin-bottom:10px;\n}\n.hr.av-70ijdq-86329afe8943f86e40ae2f4e22b1e4a0 .hr-inner{\nwidth:100%;\nborder-color:#000000;\n}\n<\/style>\n<div  class='hr av-70ijdq-86329afe8943f86e40ae2f4e22b1e4a0 hr-custom  avia-builder-el-10  el_after_av_textblock  el_before_av_one_third  hr-center hr-icon-no'><span class='hr-inner inner-border-av-border-thin'><span class=\"hr-inner-style\"><\/span><\/span><\/div>\n\n<style type=\"text\/css\" data-created_by=\"avia_inline_auto\" id=\"style-css-av-6x0f9a-a1b59cb0aa86732d0ad9fe5128095d76\">\n.flex_column.av-6x0f9a-a1b59cb0aa86732d0ad9fe5128095d76{\npadding:0 0 0 0;\n}\n<\/style>\n<div  class='flex_column av-6x0f9a-a1b59cb0aa86732d0ad9fe5128095d76 av_one_third  avia-builder-el-11  el_after_av_hr  el_before_av_two_third  first flex_column_div av-zero-column-padding  '     ><p><section  class='av_textblock_section av-6pbby6-7e2327fc9f0315046d6dda8352f3a004 '   itemscope=\"itemscope\" itemtype=\"https:\/\/schema.org\/CreativeWork\" ><div class='avia_textblock'  itemprop=\"text\" ><p><span style=\"color: #000000;\">La malla compuesta HARDmesh\u00ae se fabrica a partir de fibra de vidrio y resina epoxi. La tecnolog\u00eda especial de doble entrelazado hace que la malla sea m\u00e1s duradera, ya que no se rompe bajo carga.<\/span><\/p>\n<p><span style=\"color: #000000;\">Sustituye a la malla de acero del tipo BP-1 con un di\u00e1metro m\u00e1s fino. <span class=\"s1\">Se fabrica en rollos de 50 m y l\u00e1minas de 2 m<\/span>. No se corroe, es 5 veces m\u00e1s ligera que el acero, 2 veces m\u00e1s resistente y no conduce el calor. La malla de fibra de vidrio HARDmesh\u00ae ha demostrado una gran eficacia en el refuerzo de suelos y paredes industriales en naves industriales y almacenes.\u00a0<\/span><\/p>\n<p><span style=\"color: #000000;\">Servimos material de varios grosores entre 2 y 6 mm, siendo los vanos de 50 x 50, 100 x 100 \u00f3 150 x 150 mm.<\/span><\/p>\n<\/div><\/section><br \/>\n\n<style type=\"text\/css\" data-created_by=\"avia_inline_auto\" id=\"style-css-av-6lhph2-5abc818114f975e780933e11cf202b7f\">\n.avia-image-container.av-6lhph2-5abc818114f975e780933e11cf202b7f img.avia_image{\nbox-shadow:none;\n}\n.avia-image-container.av-6lhph2-5abc818114f975e780933e11cf202b7f .av-image-caption-overlay-center{\ncolor:#ffffff;\n}\n<\/style>\n<div  class='avia-image-container av-6lhph2-5abc818114f975e780933e11cf202b7f av-styling- avia_animated_image av-animated-when-visible-95 left-to-right avia-align-center  avia-builder-el-13  el_after_av_textblock  avia-builder-el-last '   itemprop=\"image\" itemscope=\"itemscope\" itemtype=\"https:\/\/schema.org\/ImageObject\" ><div class=\"avia-image-container-inner\"><div class=\"avia-image-overlay-wrap\"><img decoding=\"async\" fetchpriority=\"high\" class='wp-image-213 avia-img-lazy-loading-not-213 avia_image ' src=\"https:\/\/anserki.com\/wp-content\/uploads\/2023\/06\/IMPERATYV_050318_001.jpg\" alt='' title='IMPERATYV_050318_001'  height=\"449\" width=\"600\"  itemprop=\"thumbnailUrl\" srcset=\"https:\/\/anserki.com\/wp-content\/uploads\/2023\/06\/IMPERATYV_050318_001.jpg 600w, https:\/\/anserki.com\/wp-content\/uploads\/2023\/06\/IMPERATYV_050318_001-300x225.jpg 300w\" sizes=\"(max-width: 600px) 100vw, 600px\" \/><\/div><\/div><\/div><\/p><\/div>\n<style type=\"text\/css\" data-created_by=\"avia_inline_auto\" id=\"style-css-av-6f1d9y-8b821e67a39cc9d36d8fc9aa50d0b1fe\">\n.flex_column.av-6f1d9y-8b821e67a39cc9d36d8fc9aa50d0b1fe{\npadding:0 0 0 0;\n}\n<\/style>\n<div  class='flex_column av-6f1d9y-8b821e67a39cc9d36d8fc9aa50d0b1fe av_two_third  avia-builder-el-14  el_after_av_one_third  avia-builder-el-last  flex_column_div av-zero-column-padding  '     ><div class='avia-data-table-wrap av-69e1ty-476a2d2a2e04917097c4e7660674599c avia_responsive_table avia-table-2'><table  class='avia-table avia-data-table avia_pricing_minimal  avia-builder-el-15  avia-builder-el-no-sibling '  itemscope=\"itemscope\" itemtype=\"https:\/\/schema.org\/Table\" ><tbody><tr class='avia-heading-row'><th class='avia-desc-col'><\/th><th class=''>Acero<\/th><th class=''>GFRP<\/th><\/tr><tr class=''><th class='avia-desc-col'>Resistencia a la tracci\u00f3n<\/th><td class=''>550-570 MP\u0430<\/td><td class=''>800-1300 MP\u0430<br \/>\n<\/td><\/tr><tr class=''><th class='avia-desc-col'>Anchura<br \/>\n<\/th><td class=''>0,38 a 1 m<\/td><td class=''>0,38 a 1,2 m<\/td><\/tr><tr class=''><th class='avia-desc-col'>Resistencia a rotura<br \/>\n<\/th><td class=''>400-720 kgf<\/td><td class=''>600-950 kgf<\/td><\/tr><tr class=''><th class='avia-desc-col'>Conductividad t\u00e9rmica<\/th><td class=''>56 W\/(m\u00b7K)<\/td><td class=''>0,35 W\/(m\u00b7K)<\/td><\/tr><tr class=''><th class='avia-desc-col'>Expansi\u00f3n lineal<\/th><td class=''>13-15 \u0430\u0445-5\/\u0421<\/td><td class=''>9-12 \u0430\u0445-5\/\u0421<\/td><\/tr><tr class=''><th class='avia-desc-col'>Densidad<\/th><td class=''>2220 kg\/m3<\/td><td class=''>360 kg\/m3<\/td><\/tr><tr class=''><th class='avia-desc-col'>Propiedades diel\u00e9ctricas<\/th><td class=''>Alta conductividad <\/td><td class=''>No transmite electricidad<\/td><\/tr><tr class=''><th class='avia-desc-col'>Resistencia qu\u00edmica<\/th><td class=''>Corrosivo<\/td><td class=''>Inoxidable, resistente a los \u00e1cidos<\/td><\/tr><\/tbody><\/table><\/div><style type='text\/css'>.avia-table-2 td:nth-of-type(0):before { content: ''; } .avia-table-2 td:nth-of-type(1):before { content: 'Acero'; } .avia-table-2 td:nth-of-type(2):before { content: 'GFRP'; } <\/style><\/div><\/div><\/div><\/div><!-- close content main div --><\/div><\/div><div id='av_section_3'  class='avia-section av-1dean2-c504570ecef24009e415d9afb7a76d43 main_color avia-section-default avia-no-border-styling  avia-builder-el-16  el_after_av_section  avia-builder-el-last  avia-bg-style-scroll container_wrap sidebar_right'  ><div class='container av-section-cont-open' ><div class='template-page content  av-content-small alpha units'><div class='post-entry post-entry-type-page post-entry-158'><div class='entry-content-wrapper clearfix'>\n<section  class='av_textblock_section av-lirpcndt-c0e4e98d98be7a51a22c6e0251924c4c '   itemscope=\"itemscope\" itemtype=\"https:\/\/schema.org\/CreativeWork\" ><div class='avia_textblock'  itemprop=\"text\" ><h2><span style=\"color: #339966;\">SOPORTE VEGETAL COMPUESTO LIGHTGREEN<\/span><\/h2>\n<\/div><\/section>\n\n<style type=\"text\/css\" data-created_by=\"avia_inline_auto\" id=\"style-css-av-17iro6-aca17f0437b848c2f7253d49e74166de\">\n#top .hr.av-17iro6-aca17f0437b848c2f7253d49e74166de{\nmargin-top:0px;\nmargin-bottom:10px;\n}\n.hr.av-17iro6-aca17f0437b848c2f7253d49e74166de .hr-inner{\nwidth:100%;\nborder-color:#000000;\n}\n<\/style>\n<div  class='hr av-17iro6-aca17f0437b848c2f7253d49e74166de hr-custom  avia-builder-el-18  el_after_av_textblock  el_before_av_one_third  hr-center hr-icon-no'><span class='hr-inner inner-border-av-border-thin'><span class=\"hr-inner-style\"><\/span><\/span><\/div>\n\n<style type=\"text\/css\" data-created_by=\"avia_inline_auto\" id=\"style-css-av-11m3t2-4f1f4974e77932a05c039854ed0f5656\">\n.flex_column.av-11m3t2-4f1f4974e77932a05c039854ed0f5656{\npadding:0 0 0 0;\n}\n<\/style>\n<div  class='flex_column av-11m3t2-4f1f4974e77932a05c039854ed0f5656 av_one_third  avia-builder-el-19  el_after_av_hr  el_before_av_one_third  first flex_column_div av-zero-column-padding  '     ><p><section  class='av_textblock_section av-lirpekfo-f88cb62ce0b301a4f284207343d3a9dc '   itemscope=\"itemscope\" itemtype=\"https:\/\/schema.org\/CreativeWork\" ><div class='avia_textblock'  itemprop=\"text\" ><p><span style=\"color: #000000;\">Los tutores compuestos LIGHTgreen\u00ae est\u00e1n especialmente dise\u00f1ados con nervaduras finas que no da\u00f1an el tallo ni la ra\u00edz. Son reutilizables, f\u00e1ciles de limpiar y ocupan poco espacio. Un aditivo especial protege las estacas contra los efectos da\u00f1inos de la radiaci\u00f3n UV. Resistente a la humedad, los \u00e1cidos y los alcaloides. Gracias a su durabilidad y resistencia a las influencias externas, el soporte tiene una vida \u00fatil de 80 a\u00f1os.<\/span><\/p>\n<\/div><\/section><br \/>\n\n<style type=\"text\/css\" data-created_by=\"avia_inline_auto\" id=\"style-css-av-xvnj2-db82d02f469b665540c1d9d6bdb54b16\">\n.avia-image-container.av-xvnj2-db82d02f469b665540c1d9d6bdb54b16 img.avia_image{\nbox-shadow:none;\n}\n.avia-image-container.av-xvnj2-db82d02f469b665540c1d9d6bdb54b16 .av-image-caption-overlay-center{\ncolor:#ffffff;\n}\n<\/style>\n<div  class='avia-image-container av-xvnj2-db82d02f469b665540c1d9d6bdb54b16 av-styling- avia_animated_image av-animated-when-visible-95 left-to-right avia-align-center  avia-builder-el-21  el_after_av_textblock  avia-builder-el-last '   itemprop=\"image\" itemscope=\"itemscope\" itemtype=\"https:\/\/schema.org\/ImageObject\" ><div class=\"avia-image-container-inner\"><div class=\"avia-image-overlay-wrap\"><img decoding=\"async\" fetchpriority=\"high\" class='wp-image-219 avia-img-lazy-loading-not-219 avia_image ' src=\"https:\/\/anserki.com\/wp-content\/uploads\/2023\/06\/opory-light-green-imperatyv.jpg\" alt='' title='opory-light-green-imperatyv'  height=\"414\" width=\"600\"  itemprop=\"thumbnailUrl\" srcset=\"https:\/\/anserki.com\/wp-content\/uploads\/2023\/06\/opory-light-green-imperatyv.jpg 600w, https:\/\/anserki.com\/wp-content\/uploads\/2023\/06\/opory-light-green-imperatyv-300x207.jpg 300w\" sizes=\"(max-width: 600px) 100vw, 600px\" \/><\/div><\/div><\/div><\/p><\/div>\n<style type=\"text\/css\" data-created_by=\"avia_inline_auto\" id=\"style-css-av-s2w3i-11ebc74589f4491ac6a3980fbbbb20cd\">\n.flex_column.av-s2w3i-11ebc74589f4491ac6a3980fbbbb20cd{\npadding:0 0 0 0;\n}\n<\/style>\n<div  class='flex_column av-s2w3i-11ebc74589f4491ac6a3980fbbbb20cd av_one_third  avia-builder-el-22  el_after_av_one_third  el_before_av_one_third  flex_column_div av-zero-column-padding  '     ><style type=\"text\/css\" data-created_by=\"avia_inline_auto\" id=\"style-css-av-k9vl2-308b978634a5d5c700ce869989e5549c\">\n.avia-image-container.av-k9vl2-308b978634a5d5c700ce869989e5549c img.avia_image{\nbox-shadow:none;\n}\n.avia-image-container.av-k9vl2-308b978634a5d5c700ce869989e5549c .av-image-caption-overlay-center{\ncolor:#ffffff;\n}\n<\/style>\n<div  class='avia-image-container av-k9vl2-308b978634a5d5c700ce869989e5549c av-styling- avia_animated_image av-animated-when-visible-95 fade-in avia-align-center  avia-builder-el-23  avia-builder-el-no-sibling '   itemprop=\"image\" itemscope=\"itemscope\" itemtype=\"https:\/\/schema.org\/ImageObject\" ><div class=\"avia-image-container-inner\"><div class=\"avia-image-overlay-wrap\"><img decoding=\"async\" fetchpriority=\"high\" class='wp-image-221 avia-img-lazy-loading-not-221 avia_image ' src=\"https:\/\/anserki.com\/wp-content\/uploads\/2023\/06\/vegetal2.jpg\" alt='' title='vegetal2'  height=\"667\" width=\"500\"  itemprop=\"thumbnailUrl\" srcset=\"https:\/\/anserki.com\/wp-content\/uploads\/2023\/06\/vegetal2.jpg 500w, https:\/\/anserki.com\/wp-content\/uploads\/2023\/06\/vegetal2-225x300.jpg 225w\" sizes=\"(max-width: 500px) 100vw, 500px\" \/><\/div><\/div><\/div><\/div>\n<style type=\"text\/css\" data-created_by=\"avia_inline_auto\" id=\"style-css-av-gk4rq-761a6c04f6211ae947e1193eb69c166d\">\n.flex_column.av-gk4rq-761a6c04f6211ae947e1193eb69c166d{\npadding:0 0 0 0;\n}\n<\/style>\n<div  class='flex_column av-gk4rq-761a6c04f6211ae947e1193eb69c166d av_one_third  avia-builder-el-24  el_after_av_one_third  avia-builder-el-last  flex_column_div av-zero-column-padding  '     ><style type=\"text\/css\" data-created_by=\"avia_inline_auto\" id=\"style-css-av-lirq7zlt-a94b8e0bc6f8e11eb8593d3dac38a76e\">\n.avia-image-container.av-lirq7zlt-a94b8e0bc6f8e11eb8593d3dac38a76e img.avia_image{\nbox-shadow:none;\n}\n.avia-image-container.av-lirq7zlt-a94b8e0bc6f8e11eb8593d3dac38a76e .av-image-caption-overlay-center{\ncolor:#ffffff;\n}\n<\/style>\n<div  class='avia-image-container av-lirq7zlt-a94b8e0bc6f8e11eb8593d3dac38a76e av-styling- avia_animated_image av-animated-when-visible-95 fade-in avia-align-center  avia-builder-el-25  avia-builder-el-no-sibling '   itemprop=\"image\" itemscope=\"itemscope\" itemtype=\"https:\/\/schema.org\/ImageObject\" ><div class=\"avia-image-container-inner\"><div class=\"avia-image-overlay-wrap\"><img decoding=\"async\" fetchpriority=\"high\" class='wp-image-220 avia-img-lazy-loading-not-220 avia_image ' src=\"https:\/\/anserki.com\/wp-content\/uploads\/2023\/06\/vegetal1.jpg\" alt='' title='vegetal1'  height=\"667\" width=\"500\"  itemprop=\"thumbnailUrl\" srcset=\"https:\/\/anserki.com\/wp-content\/uploads\/2023\/06\/vegetal1.jpg 500w, https:\/\/anserki.com\/wp-content\/uploads\/2023\/06\/vegetal1-225x300.jpg 225w\" sizes=\"(max-width: 500px) 100vw, 500px\" \/><\/div><\/div><\/div><\/div>\n<\/div><\/div><\/div><!-- close content main div --><\/div><\/div><div id='after_section_3'  class='main_color av_default_container_wrap container_wrap sidebar_right'  ><div class='container av-section-cont-open' ><div class='template-page content  av-content-small alpha units'><div class='post-entry post-entry-type-page post-entry-158'><div class='entry-content-wrapper clearfix'><\/p>\n","protected":false},"excerpt":{"rendered":"","protected":false},"author":2,"featured_media":0,"parent":0,"menu_order":0,"comment_status":"closed","ping_status":"closed","template":"","meta":{"footnotes":""},"class_list":["post-158","page","type-page","status-publish","hentry"],"_links":{"self":[{"href":"https:\/\/anserki.com\/index.php\/wp-json\/wp\/v2\/pages\/158","targetHints":{"allow":["GET"]}}],"collection":[{"href":"https:\/\/anserki.com\/index.php\/wp-json\/wp\/v2\/pages"}],"about":[{"href":"https:\/\/anserki.com\/index.php\/wp-json\/wp\/v2\/types\/page"}],"author":[{"embeddable":true,"href":"https:\/\/anserki.com\/index.php\/wp-json\/wp\/v2\/users\/2"}],"replies":[{"embeddable":true,"href":"https:\/\/anserki.com\/index.php\/wp-json\/wp\/v2\/comments?post=158"}],"version-history":[{"count":62,"href":"https:\/\/anserki.com\/index.php\/wp-json\/wp\/v2\/pages\/158\/revisions"}],"predecessor-version":[{"id":261,"href":"https:\/\/anserki.com\/index.php\/wp-json\/wp\/v2\/pages\/158\/revisions\/261"}],"wp:attachment":[{"href":"https:\/\/anserki.com\/index.php\/wp-json\/wp\/v2\/media?parent=158"}],"curies":[{"name":"wp","href":"https:\/\/api.w.org\/{rel}","templated":true}]}}