{"id":225,"date":"2023-06-11T18:09:58","date_gmt":"2023-06-11T18:09:58","guid":{"rendered":"https:\/\/anserki.com\/?page_id=225"},"modified":"2023-06-21T09:42:12","modified_gmt":"2023-06-21T09:42:12","slug":"preguntas-frecuentes","status":"publish","type":"page","link":"https:\/\/anserki.com\/index.php\/preguntas-frecuentes\/","title":{"rendered":"PREGUNTAS FRECUENTES"},"content":{"rendered":"<div id='layer_slider_1'  class='avia-layerslider main_color avia-shadow  avia-builder-el-0  el_before_av_section  avia-builder-el-first  container_wrap sidebar_right'  style='height: 751px; max-width: 1920px; margin: 0 auto;'  ><\/div>\n\n<style type=\"text\/css\" data-created_by=\"avia_inline_auto\" id=\"style-css-av-4wji0h-56a3c9f6df7bb58aa08b0d19182acf50\">\n.avia-section.av-4wji0h-56a3c9f6df7bb58aa08b0d19182acf50{\nbackground-color:#f2f2f2;\nbackground-image:unset;\n}\n<\/style>\n<div id='av_section_1'  class='avia-section av-4wji0h-56a3c9f6df7bb58aa08b0d19182acf50 main_color avia-section-default avia-no-border-styling  avia-builder-el-1  el_after_av_layerslider  avia-builder-el-last  avia-bg-style-scroll container_wrap sidebar_right'  ><div class='container av-section-cont-open' ><div class='template-page content  av-content-small alpha units'><div class='post-entry post-entry-type-page post-entry-225'><div class='entry-content-wrapper clearfix'>\n<div  class='flex_column av-41sva1-288ff75a1b196e479056ffd47d1f3c34 av_one_fifth  avia-builder-el-2  el_before_av_one_fifth  avia-builder-el-first  first flex_column_div  '     ><section  class='av_textblock_section av-3o34l5-1c6f8e19bad53c1f3f502f9fffe778f9 '   itemscope=\"itemscope\" itemtype=\"https:\/\/schema.org\/CreativeWork\" ><div class='avia_textblock'  itemprop=\"text\" ><h3 class=\"p1\"><span class=\"s1\">\u00bfCual es el significado de GFRP?<\/span><\/h3>\n<\/div><\/section><br \/>\n<section  class='av_textblock_section av-3m8bht-94f12c337357c4123888319074fb7bfb '   itemscope=\"itemscope\" itemtype=\"https:\/\/schema.org\/CreativeWork\" ><div class='avia_textblock'  itemprop=\"text\" ><p><span style=\"color: #000000;\">GFRP son las siglas de Glass Fiber Reinforced Polymer (Pol\u00edmero Reforzado con Fibra de Vidrio). Es el t\u00e9rmino utilizado para referirse a este tipo de varillas. Es una nueva alternativa a las barras de acero que se utilizan en los encofrados o al mallazo de toda la vida.<\/span><\/p>\n<\/div><\/section><\/p><\/div><div  class='flex_column av-6mdyp-91de9b1a57c1f2d6b8753c18e821d95a av_one_fifth  avia-builder-el-5  el_after_av_one_fifth  el_before_av_one_fifth  flex_column_div  '     ><section  class='av_textblock_section av-liw0dgcl-3549b115ee18febdb8c69b06a65a5180 '   itemscope=\"itemscope\" itemtype=\"https:\/\/schema.org\/CreativeWork\" ><div class='avia_textblock'  itemprop=\"text\" ><h3 class=\"p1\"><span class=\"s1\">\u00bfQue ventajas tiene el GFRP sobre el acero?<\/span><\/h3>\n<\/div><\/section><br \/>\n<section  class='av_textblock_section av-liw0dt23-8613d77a8f52eead76b3536546032705 '   itemscope=\"itemscope\" itemtype=\"https:\/\/schema.org\/CreativeWork\" ><div class='avia_textblock'  itemprop=\"text\" ><p><span style=\"color: #000000;\">El GFRP no transmite la electricidad, evita el \u00f3xido y la corrosi\u00f3n, tiene una vida \u00fatil de m\u00e1s de 80 a\u00f1os, tiene el doble de resistencia, su capacidad de adhesi\u00f3n al hormig\u00f3n es mayor y no produce ning\u00fan tipo de resistencia a las ondas electromagn\u00e9ticas. Su ligereza a la hora de manipularlo es una de sus principales ventajas.<\/span><\/p>\n<\/div><\/section><\/p><\/div><div  class='flex_column av-gi4ah-fe39e8ca65080d05c0a5901660dfb170 av_one_fifth  avia-builder-el-8  el_after_av_one_fifth  el_before_av_one_fifth  flex_column_div  '     ><section  class='av_textblock_section av-lirqzw07-5d2b5246d7d34c5988c1da09217fa05b '   itemscope=\"itemscope\" itemtype=\"https:\/\/schema.org\/CreativeWork\" ><div class='avia_textblock'  itemprop=\"text\" ><h3 class=\"p1\">\u00bfQu\u00e9 se puede construir con GFRP?<\/h3>\n<\/div><\/section><br \/>\n<section  class='av_textblock_section av-lirr04op-cbdc7600c1411ad517d51d50177b0742 '   itemscope=\"itemscope\" itemtype=\"https:\/\/schema.org\/CreativeWork\" ><div class='avia_textblock'  itemprop=\"text\" ><p class=\"p1\"><span style=\"color: #000000;\">Pueden realizarse todo tipo de estructuras, desde\u00a0edificios, puentes, estructuras ferroviarias, presas, canalizaci\u00f3n de aguas&#8230;\u00a0La aplicaci\u00f3n de refuerzos de GFRP abarca todo tipo de sectores, como el sector industrial, sanitario, agr\u00edcola&#8230;<\/span><\/p>\n<\/div><\/section><\/p><\/div><div  class='flex_column av-lrmtl-13284fbb0b224dbcd23e4e2142902469 av_one_fifth  avia-builder-el-11  el_after_av_one_fifth  el_before_av_one_fifth  flex_column_div  '     ><section  class='av_textblock_section av-lirqz6xp-948cf6af51d5d2f5a46bd1e98961c7ba '   itemscope=\"itemscope\" itemtype=\"https:\/\/schema.org\/CreativeWork\" ><div class='avia_textblock'  itemprop=\"text\" ><h3 class=\"p1\">\u00bfSe puede cortar el GFRP?<\/h3>\n<\/div><\/section><br \/>\n<section  class='av_textblock_section av-lirqzgja-4019078a35dc03d6802ff53eba240b84 '   itemscope=\"itemscope\" itemtype=\"https:\/\/schema.org\/CreativeWork\" ><div class='avia_textblock'  itemprop=\"text\" ><p class=\"p1\"><span class=\"s1\" style=\"color: #000000;\">Se pueden realizar cortes sin ning\u00fan problema. De hecho, dadas las longitudes de suministro del producto, resulta imprescindible para adaptarlo a cada necesidad. Dependiendo del grosor de la varilla es incluso suficiente unas tenazas para realizar esos cortes.<\/span><\/p>\n<\/div><\/section><\/p><\/div><div  class='flex_column av-cifg9-88f44ba9ce83b4efdf30a2896dac5a1e av_one_fifth  avia-builder-el-14  el_after_av_one_fifth  avia-builder-el-last  flex_column_div  '     ><section  class='av_textblock_section av-liw0cfcf-0554704134929892787aecb027bc8352 '   itemscope=\"itemscope\" itemtype=\"https:\/\/schema.org\/CreativeWork\" ><div class='avia_textblock'  itemprop=\"text\" ><h3 class=\"p1\">Aplicaciones<\/h3>\n<\/div><\/section><br \/>\n<section  class='av_textblock_section av-liw0coy2-e10ca4909088a1d88dc2da5ef4bf8b41 '   itemscope=\"itemscope\" itemtype=\"https:\/\/schema.org\/CreativeWork\" ><div class='avia_textblock'  itemprop=\"text\" ><p class=\"p1\"><span class=\"s1\" style=\"color: #000000;\">Construcci\u00f3n de carreteras y aceras, relleno de cimentaciones con poca carga, la fabricaci\u00f3n de productos de hormig\u00f3n, tuber\u00edas, etc.<\/span><\/p>\n<\/div><\/section><\/p><\/div><\/div><\/div><\/div><!-- close content main div --><\/div><\/div><div id='after_section_1'  class='main_color av_default_container_wrap container_wrap sidebar_right'  ><div class='container av-section-cont-open' ><div class='template-page content  av-content-small alpha units'><div class='post-entry post-entry-type-page post-entry-225'><div class='entry-content-wrapper clearfix'>\n","protected":false},"excerpt":{"rendered":"","protected":false},"author":2,"featured_media":0,"parent":0,"menu_order":0,"comment_status":"closed","ping_status":"closed","template":"","meta":{"footnotes":""},"class_list":["post-225","page","type-page","status-publish","hentry"],"_links":{"self":[{"href":"https:\/\/anserki.com\/index.php\/wp-json\/wp\/v2\/pages\/225","targetHints":{"allow":["GET"]}}],"collection":[{"href":"https:\/\/anserki.com\/index.php\/wp-json\/wp\/v2\/pages"}],"about":[{"href":"https:\/\/anserki.com\/index.php\/wp-json\/wp\/v2\/types\/page"}],"author":[{"embeddable":true,"href":"https:\/\/anserki.com\/index.php\/wp-json\/wp\/v2\/users\/2"}],"replies":[{"embeddable":true,"href":"https:\/\/anserki.com\/index.php\/wp-json\/wp\/v2\/comments?post=225"}],"version-history":[{"count":13,"href":"https:\/\/anserki.com\/index.php\/wp-json\/wp\/v2\/pages\/225\/revisions"}],"predecessor-version":[{"id":267,"href":"https:\/\/anserki.com\/index.php\/wp-json\/wp\/v2\/pages\/225\/revisions\/267"}],"wp:attachment":[{"href":"https:\/\/anserki.com\/index.php\/wp-json\/wp\/v2\/media?parent=225"}],"curies":[{"name":"wp","href":"https:\/\/api.w.org\/{rel}","templated":true}]}}