{"id":73,"date":"2023-06-06T15:56:47","date_gmt":"2023-06-06T15:56:47","guid":{"rendered":"https:\/\/anserki.com\/?page_id=73"},"modified":"2023-06-21T09:36:20","modified_gmt":"2023-06-21T09:36:20","slug":"caracteristicas","status":"publish","type":"page","link":"https:\/\/anserki.com\/index.php\/caracteristicas\/","title":{"rendered":"CARACTER\u00cdSTICAS"},"content":{"rendered":"<div id='layer_slider_1'  class='avia-layerslider main_color avia-shadow  avia-builder-el-0  el_before_av_section  avia-builder-el-first  container_wrap sidebar_right'  style='height: 1081px; max-width: 1920px; margin: 0 auto;'  ><\/div>\n\n<style type=\"text\/css\" data-created_by=\"avia_inline_auto\" id=\"style-css-av-liknlm3h-2b347254a9b0bf0372e38a9e94740906\">\n.avia-section.av-liknlm3h-2b347254a9b0bf0372e38a9e94740906{\nbackground-color:#f2f2f2;\nbackground-image:unset;\n}\n<\/style>\n<div id='av_section_1'  class='avia-section av-liknlm3h-2b347254a9b0bf0372e38a9e94740906 main_color avia-section-default avia-no-border-styling  avia-builder-el-1  el_after_av_layerslider  avia-builder-el-last  avia-bg-style-scroll container_wrap sidebar_right'  ><div class='container av-section-cont-open' ><div class='template-page content  av-content-small alpha units'><div class='post-entry post-entry-type-page post-entry-73'><div class='entry-content-wrapper clearfix'>\n<div  class='flex_column av-6infl-44689b8cbc3203c03c1f276dfdfd61c3 av_one_fourth  avia-builder-el-2  el_before_av_one_fourth  avia-builder-el-first  first flex_column_div  '     ><p>\n<style type=\"text\/css\" data-created_by=\"avia_inline_auto\" id=\"style-css-av-liqd1fek-332106552c25f516dcc4ed6977c51403\">\n.avia-image-container.av-liqd1fek-332106552c25f516dcc4ed6977c51403 img.avia_image{\nbox-shadow:none;\n}\n.avia-image-container.av-liqd1fek-332106552c25f516dcc4ed6977c51403 .av-image-caption-overlay-center{\ncolor:#ffffff;\n}\n<\/style>\n<div  class='avia-image-container av-liqd1fek-332106552c25f516dcc4ed6977c51403 av-styling- avia-align-left  avia-builder-el-3  el_before_av_textblock  avia-builder-el-first '   itemprop=\"image\" itemscope=\"itemscope\" itemtype=\"https:\/\/schema.org\/ImageObject\" ><div class=\"avia-image-container-inner\"><div class=\"avia-image-overlay-wrap\"><img decoding=\"async\" fetchpriority=\"high\" class='wp-image-112 avia-img-lazy-loading-not-112 avia_image ' src=\"https:\/\/anserki.com\/wp-content\/uploads\/2023\/06\/left_resistencia.png\" alt='' title='left_resistencia'  height=\"75\" width=\"75\"  itemprop=\"thumbnailUrl\" srcset=\"https:\/\/anserki.com\/wp-content\/uploads\/2023\/06\/left_resistencia.png 75w, https:\/\/anserki.com\/wp-content\/uploads\/2023\/06\/left_resistencia-36x36.png 36w\" sizes=\"(max-width: 75px) 100vw, 75px\" \/><\/div><\/div><\/div><br \/>\n<section  class='av_textblock_section av-liknpu25-a73e89914d41f431c019e228472dbc73 '   itemscope=\"itemscope\" itemtype=\"https:\/\/schema.org\/CreativeWork\" ><div class='avia_textblock'  itemprop=\"text\" ><h3><span style=\"color: #d70929;\">Resistencia<\/span><\/h3>\n<\/div><\/section><br \/>\n<section  class='av_textblock_section av-liknqm1v-8dab6d25e586a8bf875d629e26b5c0a6 '   itemscope=\"itemscope\" itemtype=\"https:\/\/schema.org\/CreativeWork\" ><div class='avia_textblock'  itemprop=\"text\" ><p><span style=\"color: #000000;\">La resistencia m\u00e1xima a la tracci\u00f3n de la barra de refuerzo de GFRP HARDplus\u00ae y la malla de GFRP HARDmesh\u00ae es muy superior a la barra de acero de grado A-III (A 400) y a la malla de alambre de acero respectivamente, incluso utilizando un di\u00e1metro de material inferior.<\/span><\/p>\n<p class=\"p1\"><span style=\"color: #000000;\">Este novedoso producto distribuido por ANSERKI S.L. lleva fabric\u00e1ndose en el norte de Europa durante m\u00e1s de 8 a\u00f1os, y en 2023 ha comenzado su comercializaci\u00f3n en Espa\u00f1a.<\/span><\/p>\n<\/div><\/section><\/p><\/div><div  class='flex_column av-5o2l1-e78e76e4929989f773c2c051a1601f93 av_one_fourth  avia-builder-el-6  el_after_av_one_fourth  el_before_av_one_fourth  flex_column_div  '     ><p>\n<style type=\"text\/css\" data-created_by=\"avia_inline_auto\" id=\"style-css-av-liqd2i5a-7e65feaf94d8d1cfa983a7429ecd9376\">\n.avia-image-container.av-liqd2i5a-7e65feaf94d8d1cfa983a7429ecd9376 img.avia_image{\nbox-shadow:none;\n}\n.avia-image-container.av-liqd2i5a-7e65feaf94d8d1cfa983a7429ecd9376 .av-image-caption-overlay-center{\ncolor:#ffffff;\n}\n<\/style>\n<div  class='avia-image-container av-liqd2i5a-7e65feaf94d8d1cfa983a7429ecd9376 av-styling- avia-align-left  avia-builder-el-7  el_before_av_textblock  avia-builder-el-first '   itemprop=\"image\" itemscope=\"itemscope\" itemtype=\"https:\/\/schema.org\/ImageObject\" ><div class=\"avia-image-container-inner\"><div class=\"avia-image-overlay-wrap\"><img decoding=\"async\" fetchpriority=\"high\" class='wp-image-110 avia-img-lazy-loading-not-110 avia_image ' src=\"https:\/\/anserki.com\/wp-content\/uploads\/2023\/06\/left_quimica.png\" alt='' title='left_quimica'  height=\"75\" width=\"75\"  itemprop=\"thumbnailUrl\" srcset=\"https:\/\/anserki.com\/wp-content\/uploads\/2023\/06\/left_quimica.png 75w, https:\/\/anserki.com\/wp-content\/uploads\/2023\/06\/left_quimica-36x36.png 36w\" sizes=\"(max-width: 75px) 100vw, 75px\" \/><\/div><\/div><\/div><br \/>\n<section  class='av_textblock_section av-5bnld-adb3a0cfebaf457823887006b3124c66 '   itemscope=\"itemscope\" itemtype=\"https:\/\/schema.org\/CreativeWork\" ><div class='avia_textblock'  itemprop=\"text\" ><h3><span style=\"color: #d70929;\">Resistencia Qu\u00edmica<\/span><\/h3>\n<\/div><\/section><br \/>\n<section  class='av_textblock_section av-4eeal-956da8a211eacc04be8d6eb5f577efae '   itemscope=\"itemscope\" itemtype=\"https:\/\/schema.org\/CreativeWork\" ><div class='avia_textblock'  itemprop=\"text\" ><p><span style=\"color: #000000;\">La barra de refuerzo de GFRP HARDplus\u00ae y la malla de GFRP HARDmesh\u00ae est\u00e1n compuestas de un pol\u00edmero reforzado con fibra de vidrio que las hace resistentes a la corrosi\u00f3n y que, a diferencia del acero, apenas cambian sus propiedades mec\u00e1nicas en ambientes agresivos causados por alcalinos, \u00e1cidos o sales.<\/span><\/p>\n<\/div><\/section><\/p><\/div><div  class='flex_column av-2b749-c8e52121239f680a5710bd16187f34cd av_one_fourth  avia-builder-el-10  el_after_av_one_fourth  el_before_av_one_fourth  flex_column_div  '     ><p>\n<style type=\"text\/css\" data-created_by=\"avia_inline_auto\" id=\"style-css-av-liqd3gqw-945f23cab0490e1a80ebfb33a142f4de\">\n.avia-image-container.av-liqd3gqw-945f23cab0490e1a80ebfb33a142f4de img.avia_image{\nbox-shadow:none;\n}\n.avia-image-container.av-liqd3gqw-945f23cab0490e1a80ebfb33a142f4de .av-image-caption-overlay-center{\ncolor:#ffffff;\n}\n<\/style>\n<div  class='avia-image-container av-liqd3gqw-945f23cab0490e1a80ebfb33a142f4de av-styling- avia-align-left  avia-builder-el-11  el_before_av_textblock  avia-builder-el-first '   itemprop=\"image\" itemscope=\"itemscope\" itemtype=\"https:\/\/schema.org\/ImageObject\" ><div class=\"avia-image-container-inner\"><div class=\"avia-image-overlay-wrap\"><img decoding=\"async\" fetchpriority=\"high\" class='wp-image-107 avia-img-lazy-loading-not-107 avia_image ' src=\"https:\/\/anserki.com\/wp-content\/uploads\/2023\/06\/left_colocacion.png\" alt='' title='left_colocacion'  height=\"75\" width=\"75\"  itemprop=\"thumbnailUrl\" srcset=\"https:\/\/anserki.com\/wp-content\/uploads\/2023\/06\/left_colocacion.png 75w, https:\/\/anserki.com\/wp-content\/uploads\/2023\/06\/left_colocacion-36x36.png 36w\" sizes=\"(max-width: 75px) 100vw, 75px\" \/><\/div><\/div><\/div><br \/>\n<section  class='av_textblock_section av-liko0xvf-ff7c9c55e4cde145a3be1c81df74bf8b '   itemscope=\"itemscope\" itemtype=\"https:\/\/schema.org\/CreativeWork\" ><div class='avia_textblock'  itemprop=\"text\" ><h3><span style=\"color: #d70929;\">F\u00e1cil Colocaci\u00f3n<\/span><\/h3>\n<\/div><\/section><br \/>\n<section  class='av_textblock_section av-liko19pn-34ae986d3126959341f152f21f7d2144 '   itemscope=\"itemscope\" itemtype=\"https:\/\/schema.org\/CreativeWork\" ><div class='avia_textblock'  itemprop=\"text\" ><p><span style=\"color: #000000;\">La barra de refuerzo de GFRP HARD plus\u00ae y la malla de GFRP HARDmesh\u00ae se producen en bobinas con una longitud total de 6 a 100 m, lo que permite usar exactamente los metros necesarios sin cortes ni soldaduras adicionales.<\/span><\/p>\n<p><span style=\"color: #000000;\">Su peso permite que la manipulaci\u00f3n y el transporte de las bobinas pueda realizarlo una sola persona sin dificultad.<\/span><\/p>\n<\/div><\/section><\/p><\/div><div  class='flex_column av-10bb5-82ffa065a912948bac1ef99b65977589 av_one_fourth  avia-builder-el-14  el_after_av_one_fourth  el_before_av_one_fourth  flex_column_div  '     ><p>\n<style type=\"text\/css\" data-created_by=\"avia_inline_auto\" id=\"style-css-av-liqd3373-a06d2232e95832eede5bc0c0e283d717\">\n.avia-image-container.av-liqd3373-a06d2232e95832eede5bc0c0e283d717 img.avia_image{\nbox-shadow:none;\n}\n.avia-image-container.av-liqd3373-a06d2232e95832eede5bc0c0e283d717 .av-image-caption-overlay-center{\ncolor:#ffffff;\n}\n<\/style>\n<div  class='avia-image-container av-liqd3373-a06d2232e95832eede5bc0c0e283d717 av-styling- avia-align-left  avia-builder-el-15  el_before_av_textblock  avia-builder-el-first '   itemprop=\"image\" itemscope=\"itemscope\" itemtype=\"https:\/\/schema.org\/ImageObject\" ><div class=\"avia-image-container-inner\"><div class=\"avia-image-overlay-wrap\"><img decoding=\"async\" fetchpriority=\"high\" class='wp-image-113 avia-img-lazy-loading-not-113 avia_image ' src=\"https:\/\/anserki.com\/wp-content\/uploads\/2023\/06\/left_termica.png\" alt='' title='left_termica'  height=\"75\" width=\"75\"  itemprop=\"thumbnailUrl\" srcset=\"https:\/\/anserki.com\/wp-content\/uploads\/2023\/06\/left_termica.png 75w, https:\/\/anserki.com\/wp-content\/uploads\/2023\/06\/left_termica-36x36.png 36w\" sizes=\"(max-width: 75px) 100vw, 75px\" \/><\/div><\/div><\/div><br \/>\n<section  class='av_textblock_section av-liknvare-2d0fc7d2a59cd4aca79b4e952fd53778 '   itemscope=\"itemscope\" itemtype=\"https:\/\/schema.org\/CreativeWork\" ><div class='avia_textblock'  itemprop=\"text\" ><h3><span style=\"color: #d70929;\">Baja Conductividad<\/span><\/h3>\n<\/div><\/section><br \/>\n<section  class='av_textblock_section av-liknw75x-7597ce422e233ef5990b2b69566ba63a '   itemscope=\"itemscope\" itemtype=\"https:\/\/schema.org\/CreativeWork\" ><div class='avia_textblock'  itemprop=\"text\" ><p><span style=\"color: #000000;\">La conductividad t\u00e9rmica de la barra de refuerzo de GFRP HARDplus\u00ae es pr\u00e1cticamente nula. La barra de refuerzo de GFRP HARDplus\u00ae y la malla de GFRP HARDmesh\u00ae no conducen el calor, no pueden servir como derivaci\u00f3n t\u00e9rmica y reducen significativamente las p\u00e9rdidas de calor en comparaci\u00f3n con el acero.<\/span><\/p>\n<\/div><\/section><\/p><\/div><div  class='flex_column av-1fz9x-d61ee1b8b867bdbd3d476bf3c391a70c av_one_fourth  avia-builder-el-18  el_after_av_one_fourth  el_before_av_one_fourth  first flex_column_div  column-top-margin'     ><p>\n<style type=\"text\/css\" data-created_by=\"avia_inline_auto\" id=\"style-css-av-liqd2rqb-4f82f30cf84f420cf4dd54b4119ab35a\">\n.avia-image-container.av-liqd2rqb-4f82f30cf84f420cf4dd54b4119ab35a img.avia_image{\nbox-shadow:none;\n}\n.avia-image-container.av-liqd2rqb-4f82f30cf84f420cf4dd54b4119ab35a .av-image-caption-overlay-center{\ncolor:#ffffff;\n}\n<\/style>\n<div  class='avia-image-container av-liqd2rqb-4f82f30cf84f420cf4dd54b4119ab35a av-styling- avia-align-left  avia-builder-el-19  el_before_av_textblock  avia-builder-el-first '   itemprop=\"image\" itemscope=\"itemscope\" itemtype=\"https:\/\/schema.org\/ImageObject\" ><div class=\"avia-image-container-inner\"><div class=\"avia-image-overlay-wrap\"><img decoding=\"async\" fetchpriority=\"high\" class='wp-image-108 avia-img-lazy-loading-not-108 avia_image ' src=\"https:\/\/anserki.com\/wp-content\/uploads\/2023\/06\/left_ligereza.png\" alt='' title='left_ligereza'  height=\"75\" width=\"75\"  itemprop=\"thumbnailUrl\" srcset=\"https:\/\/anserki.com\/wp-content\/uploads\/2023\/06\/left_ligereza.png 75w, https:\/\/anserki.com\/wp-content\/uploads\/2023\/06\/left_ligereza-36x36.png 36w\" sizes=\"(max-width: 75px) 100vw, 75px\" \/><\/div><\/div><\/div><br \/>\n<section  class='av_textblock_section av-liknttfd-26412517d8e8b80edd108ca2d796ae02 '   itemscope=\"itemscope\" itemtype=\"https:\/\/schema.org\/CreativeWork\" ><div class='avia_textblock'  itemprop=\"text\" ><h3><span style=\"color: #d70929;\">Ligereza<\/span><\/h3>\n<\/div><\/section><br \/>\n<section  class='av_textblock_section av-liknuxx9-7f13f852b39c2cfebccd826e97a30721 '   itemscope=\"itemscope\" itemtype=\"https:\/\/schema.org\/CreativeWork\" ><div class='avia_textblock'  itemprop=\"text\" ><p><span style=\"color: #000000;\">La barra de refuerzo GFRP HARDplus\u00ae y la malla GFRP HARDmesh\u00ae son mucho m\u00e1s ligeras que las barras de acero. No se requiere equipo especial o pesado para su movilidad. Esta diferencia supone una de sus ventajas diferenciales destacadas en un entorno de obra.<\/span><\/p>\n<p><span style=\"color: #000000;\">El empaquetado de los productos de GFRP\u00ae es compacto y ligero. La barra de refuerzo de GFRP HARDplus\u00ae se puede entregar en bobinas de 50 m de longitud, ocupando\u00a0 1 m de di\u00e1metro y con un peso m\u00e1ximo de 10 kg.<\/span><\/p>\n<\/div><\/section><\/p><\/div><div  class='flex_column av-gn9-3f969c3c496aee5be54eb9c3de2c7465 av_one_fourth  avia-builder-el-22  el_after_av_one_fourth  el_before_av_one_fourth  flex_column_div  column-top-margin'     ><p>\n<style type=\"text\/css\" data-created_by=\"avia_inline_auto\" id=\"style-css-av-liqd3sau-558f80c750b53a9233afd4c74c925f9d\">\n.avia-image-container.av-liqd3sau-558f80c750b53a9233afd4c74c925f9d img.avia_image{\nbox-shadow:none;\n}\n.avia-image-container.av-liqd3sau-558f80c750b53a9233afd4c74c925f9d .av-image-caption-overlay-center{\ncolor:#ffffff;\n}\n<\/style>\n<div  class='avia-image-container av-liqd3sau-558f80c750b53a9233afd4c74c925f9d av-styling- avia-align-left  avia-builder-el-23  el_before_av_textblock  avia-builder-el-first '   itemprop=\"image\" itemscope=\"itemscope\" itemtype=\"https:\/\/schema.org\/ImageObject\" ><div class=\"avia-image-container-inner\"><div class=\"avia-image-overlay-wrap\"><img decoding=\"async\" fetchpriority=\"high\" class='wp-image-111 avia-img-lazy-loading-not-111 avia_image ' src=\"https:\/\/anserki.com\/wp-content\/uploads\/2023\/06\/left_radio.png\" alt='' title='left_radio'  height=\"75\" width=\"75\"  itemprop=\"thumbnailUrl\" srcset=\"https:\/\/anserki.com\/wp-content\/uploads\/2023\/06\/left_radio.png 75w, https:\/\/anserki.com\/wp-content\/uploads\/2023\/06\/left_radio-36x36.png 36w\" sizes=\"(max-width: 75px) 100vw, 75px\" \/><\/div><\/div><\/div><br \/>\n<section  class='av_textblock_section av-liko1mx9-6f5440b64480faf58613542daac64238 '   itemscope=\"itemscope\" itemtype=\"https:\/\/schema.org\/CreativeWork\" ><div class='avia_textblock'  itemprop=\"text\" ><h3><span style=\"color: #d70929;\">Radio-Transparente<\/span><\/h3>\n<\/div><\/section><br \/>\n<section  class='av_textblock_section av-liko29k6-14733b040359039f7a228b8917f52256 '   itemscope=\"itemscope\" itemtype=\"https:\/\/schema.org\/CreativeWork\" ><div class='avia_textblock'  itemprop=\"text\" ><p class=\"p1\"><span style=\"color: #000000;\">La barra de refuerzo GFRP HARD plus\u00ae y la malla de GFRP HARDmesh\u00ae son radiotransparentes, lo que significa que no apantallan como lo hace el acero y evita que afecten a los servicios m\u00f3viles de wi-fi, bluetooth y gps.<\/span><\/p>\n<\/div><\/section><\/p><\/div><div  class='flex_column av-3fih-090796d070eab10eaf19f952197c3473 av_one_fourth  avia-builder-el-26  el_after_av_one_fourth  el_before_av_one_fourth  flex_column_div  column-top-margin'     ><p>\n<style type=\"text\/css\" data-created_by=\"avia_inline_auto\" id=\"style-css-av-liqd46un-a2babf40ce3f65f5440df847a880307e\">\n.avia-image-container.av-liqd46un-a2babf40ce3f65f5440df847a880307e img.avia_image{\nbox-shadow:none;\n}\n.avia-image-container.av-liqd46un-a2babf40ce3f65f5440df847a880307e .av-image-caption-overlay-center{\ncolor:#ffffff;\n}\n<\/style>\n<div  class='avia-image-container av-liqd46un-a2babf40ce3f65f5440df847a880307e av-styling- avia-align-left  avia-builder-el-27  el_before_av_textblock  avia-builder-el-first '   itemprop=\"image\" itemscope=\"itemscope\" itemtype=\"https:\/\/schema.org\/ImageObject\" ><div class=\"avia-image-container-inner\"><div class=\"avia-image-overlay-wrap\"><img decoding=\"async\" fetchpriority=\"high\" class='wp-image-109 avia-img-lazy-loading-not-109 avia_image ' src=\"https:\/\/anserki.com\/wp-content\/uploads\/2023\/06\/left_magneto.png\" alt='' title='left_magneto'  height=\"75\" width=\"75\"  itemprop=\"thumbnailUrl\" srcset=\"https:\/\/anserki.com\/wp-content\/uploads\/2023\/06\/left_magneto.png 75w, https:\/\/anserki.com\/wp-content\/uploads\/2023\/06\/left_magneto-36x36.png 36w\" sizes=\"(max-width: 75px) 100vw, 75px\" \/><\/div><\/div><\/div><br \/>\n<section  class='av_textblock_section av-liko2ttb-318f0b30e56ec4a2b9b8cd8bc76194e8 '   itemscope=\"itemscope\" itemtype=\"https:\/\/schema.org\/CreativeWork\" ><div class='avia_textblock'  itemprop=\"text\" ><h3><span style=\"color: #d70929;\">Libre de Magnetismos<\/span><\/h3>\n<\/div><\/section><br \/>\n<section  class='av_textblock_section av-liko35mv-1078d91bcc37bfe4ea6ec1baba3cccbc '   itemscope=\"itemscope\" itemtype=\"https:\/\/schema.org\/CreativeWork\" ><div class='avia_textblock'  itemprop=\"text\" ><p><span style=\"color: #000000;\">La barra de refuerzo de GFRP HARD plus\u00ae y la malla de GFRP HARDmesh\u00ae son resistentes a los campos magn\u00e9ticos, lo que las convierte en la mejor soluci\u00f3n para las losas y placas de los aeropuertos.<\/span><\/p>\n<p><span style=\"color: #000000;\">Actualmente los aeropuertos de Z\u00farich y Londres incluyen este sistema.<\/span><\/p>\n<\/div><\/section><\/p><\/div><div  class='flex_column av-19d05-cd6a70a05307d4a0318a30b1a278c98f av_one_fourth  avia-builder-el-30  el_after_av_one_fourth  avia-builder-el-last  flex_column_div  column-top-margin'     ><p>\n<style type=\"text\/css\" data-created_by=\"avia_inline_auto\" id=\"style-css-av-15i6x-396dd491ef3c3a189965e0b3f4b2b2ff\">\n.avia-image-container.av-15i6x-396dd491ef3c3a189965e0b3f4b2b2ff img.avia_image{\nbox-shadow:none;\n}\n.avia-image-container.av-15i6x-396dd491ef3c3a189965e0b3f4b2b2ff .av-image-caption-overlay-center{\ncolor:#ffffff;\n}\n<\/style>\n<div  class='avia-image-container av-15i6x-396dd491ef3c3a189965e0b3f4b2b2ff av-styling- avia-align-left  avia-builder-el-31  el_before_av_textblock  avia-builder-el-first '   itemprop=\"image\" itemscope=\"itemscope\" itemtype=\"https:\/\/schema.org\/ImageObject\" ><div class=\"avia-image-container-inner\"><div class=\"avia-image-overlay-wrap\"><img decoding=\"async\" fetchpriority=\"high\" class='wp-image-263 avia-img-lazy-loading-not-263 avia_image ' src=\"https:\/\/anserki.com\/wp-content\/uploads\/2023\/06\/left_medio.png\" alt='' title='left_medio'  height=\"75\" width=\"75\"  itemprop=\"thumbnailUrl\" srcset=\"https:\/\/anserki.com\/wp-content\/uploads\/2023\/06\/left_medio.png 75w, https:\/\/anserki.com\/wp-content\/uploads\/2023\/06\/left_medio-36x36.png 36w\" sizes=\"(max-width: 75px) 100vw, 75px\" \/><\/div><\/div><\/div><br \/>\n<section  class='av_textblock_section av-lj5hhm5f-49a99479c49ac3c93f71e864422e0a92 '   itemscope=\"itemscope\" itemtype=\"https:\/\/schema.org\/CreativeWork\" ><div class='avia_textblock'  itemprop=\"text\" ><h3><span style=\"color: #d70929;\">Respetuoso con el Medio Ambiente<\/span><\/h3>\n<\/div><\/section><br \/>\n<section  class='av_textblock_section av-lj5hi6zl-b83772792a3177b54718add64c593cef '   itemscope=\"itemscope\" itemtype=\"https:\/\/schema.org\/CreativeWork\" ><div class='avia_textblock'  itemprop=\"text\" ><p class=\"p1\"><span style=\"color: #000000;\">Tanto su durabilidad, como el bajo porcentaje de residuos generados por este material (2.000 veces inferior al del acero) hacen que este producto sea respetuoso con el medio ambiente. Si a esto le sumamos el beneficio que supone su ligereza, conseguimos un gran ahorro de CO2 tanto en el momento del transporte como en su posterior manipulaci\u00f3n.<\/span><\/p>\n<\/div><\/section><\/p><\/div><\/div><\/div><\/div><!-- close content main div --><\/div><\/div><div id='after_section_1'  class='main_color av_default_container_wrap container_wrap sidebar_right'  ><div class='container av-section-cont-open' ><div class='template-page content  av-content-small alpha units'><div class='post-entry post-entry-type-page post-entry-73'><div class='entry-content-wrapper clearfix'>\n","protected":false},"excerpt":{"rendered":"","protected":false},"author":2,"featured_media":0,"parent":0,"menu_order":0,"comment_status":"closed","ping_status":"closed","template":"","meta":{"footnotes":""},"class_list":["post-73","page","type-page","status-publish","hentry"],"_links":{"self":[{"href":"https:\/\/anserki.com\/index.php\/wp-json\/wp\/v2\/pages\/73","targetHints":{"allow":["GET"]}}],"collection":[{"href":"https:\/\/anserki.com\/index.php\/wp-json\/wp\/v2\/pages"}],"about":[{"href":"https:\/\/anserki.com\/index.php\/wp-json\/wp\/v2\/types\/page"}],"author":[{"embeddable":true,"href":"https:\/\/anserki.com\/index.php\/wp-json\/wp\/v2\/users\/2"}],"replies":[{"embeddable":true,"href":"https:\/\/anserki.com\/index.php\/wp-json\/wp\/v2\/comments?post=73"}],"version-history":[{"count":23,"href":"https:\/\/anserki.com\/index.php\/wp-json\/wp\/v2\/pages\/73\/revisions"}],"predecessor-version":[{"id":266,"href":"https:\/\/anserki.com\/index.php\/wp-json\/wp\/v2\/pages\/73\/revisions\/266"}],"wp:attachment":[{"href":"https:\/\/anserki.com\/index.php\/wp-json\/wp\/v2\/media?parent=73"}],"curies":[{"name":"wp","href":"https:\/\/api.w.org\/{rel}","templated":true}]}}